{"id":1520,"date":"2023-10-21T05:36:26","date_gmt":"2023-10-21T03:36:26","guid":{"rendered":"https:\/\/gibtest.st-businessconsulting.com\/contact\/"},"modified":"2024-05-24T11:05:55","modified_gmt":"2024-05-24T09:05:55","slug":"contact","status":"publish","type":"page","link":"https:\/\/www.gib-consult.com\/en\/contact\/","title":{"rendered":"Contact"},"content":{"rendered":"<p>[et_pb_section fb_built=&#8221;1&#8243; module_id=&#8221;traduction-specialisee&#8221; module_class=&#8221;custom-section-1&#8243; _builder_version=&#8221;4.23&#8243; _module_preset=&#8221;default&#8221; background_enable_color=&#8221;off&#8221; background_enable_image=&#8221;off&#8221; background_blend=&#8221;multiply&#8221; min_height=&#8221;450px&#8221; custom_padding=&#8221;||25px||false|false&#8221; custom_css_main_element=&#8221;background: rgb(154,78,236);||background: linear-gradient(90deg, rgba(154,78,236,1) 0%, rgba(108,61,241,1) 60%, rgba(60,126,254,1) 100%);&#8221; global_colors_info=&#8221;{}&#8221;][et_pb_row _builder_version=&#8221;4.23&#8243; _module_preset=&#8221;default&#8221; global_colors_info=&#8221;{}&#8221;][et_pb_column type=&#8221;4_4&#8243; _builder_version=&#8221;4.23&#8243; _module_preset=&#8221;default&#8221; global_colors_info=&#8221;{}&#8221;][et_pb_text module_class=&#8221;custom-home-title&#8221; _builder_version=&#8221;4.23.1&#8243; _module_preset=&#8221;default&#8221; header_3_font=&#8221;PPAgrandir|600|||||||&#8221; header_3_text_align=&#8221;center&#8221; header_3_text_color=&#8221;#FFFFFF&#8221; header_3_font_size=&#8221;34px&#8221; header_3_line_height=&#8221;1.5em&#8221; max_width=&#8221;800px&#8221; module_alignment=&#8221;center&#8221; header_3_font_size_tablet=&#8221;30px&#8221; header_3_font_size_phone=&#8221;18px&#8221; header_3_font_size_last_edited=&#8221;on|phone&#8221; locked=&#8221;off&#8221; global_colors_info=&#8221;{}&#8221;]<\/p>\n<h3>Contact us<\/h3>\n<p>[\/et_pb_text][\/et_pb_column][\/et_pb_row][et_pb_row column_structure=&#8221;3_5,2_5&#8243; _builder_version=&#8221;4.23&#8243; _module_preset=&#8221;default&#8221; max_width=&#8221;2000px&#8221; global_colors_info=&#8221;{}&#8221;][et_pb_column type=&#8221;3_5&#8243; _builder_version=&#8221;4.23&#8243; _module_preset=&#8221;default&#8221; background_color=&#8221;#f86f03&#8243; custom_padding=&#8221;20px|30px|20px|30px|true|true&#8221; border_radii=&#8221;on|10px|10px|10px|10px&#8221; box_shadow_style=&#8221;preset1&#8243; box_shadow_vertical=&#8221;1px&#8221; box_shadow_blur=&#8221;8px&#8221; global_colors_info=&#8221;{}&#8221;][et_pb_code _builder_version=&#8221;4.23.1&#8243; _module_preset=&#8221;default&#8221; global_colors_info=&#8221;{}&#8221;]<div class=\"forminator-ui forminator-custom-form forminator-custom-form-2014 forminator-design--default  forminator_ajax\" data-forminator-render=\"0\" data-form=\"forminator-module-2014\" data-uid=\"69ecf79e4484a\"><br\/><\/div><form\n\t\t\t\tid=\"forminator-module-2014\"\n\t\t\t\tclass=\"forminator-ui forminator-custom-form forminator-custom-form-2014 forminator-design--default  forminator_ajax\"\n\t\t\t\tmethod=\"post\"\n\t\t\t\tdata-forminator-render=\"0\"\n\t\t\t\tdata-form-id=\"2014\"\n\t\t\t\t data-color-option=\"default\" data-design=\"default\" data-grid=\"open\" style=\"display: none;\"\n\t\t\t\tdata-uid=\"69ecf79e4484a\"\n\t\t\t><div role=\"alert\" aria-live=\"polite\" class=\"forminator-response-message forminator-error\" aria-hidden=\"true\"><\/div><div class=\"forminator-row\"><div id=\"name-1\" class=\"forminator-field-name forminator-col forminator-col-12 \"><div class=\"forminator-field\"><label for=\"forminator-field-name-1_69ecf79e4484a\" id=\"forminator-field-name-1_69ecf79e4484a-label\" class=\"forminator-label\">Your name <span class=\"forminator-required\">*<\/span><\/label><input type=\"text\" name=\"name-1\" value=\"\" placeholder=\"\" id=\"forminator-field-name-1_69ecf79e4484a\" class=\"forminator-input forminator-name--field\" aria-required=\"true\" autocomplete=\"name\" \/><\/div><\/div><\/div><div class=\"forminator-row\"><div id=\"name-2\" class=\"forminator-field-name forminator-col forminator-col-12 \"><div class=\"forminator-field\"><label for=\"forminator-field-name-2_69ecf79e4484a\" id=\"forminator-field-name-2_69ecf79e4484a-label\" class=\"forminator-label\">Your company<\/label><input type=\"text\" name=\"name-2\" value=\"\" placeholder=\"\" id=\"forminator-field-name-2_69ecf79e4484a\" class=\"forminator-input forminator-name--field\" aria-required=\"false\" autocomplete=\"name\" \/><\/div><\/div><\/div><div class=\"forminator-row\"><div id=\"email-1\" class=\"forminator-field-email forminator-col forminator-col-12 \"><div class=\"forminator-field\"><label for=\"forminator-field-email-1_69ecf79e4484a\" id=\"forminator-field-email-1_69ecf79e4484a-label\" class=\"forminator-label\">Your email <span class=\"forminator-required\">*<\/span><\/label><input type=\"email\" name=\"email-1\" value=\"\" placeholder=\"\" id=\"forminator-field-email-1_69ecf79e4484a\" class=\"forminator-input forminator-email--field\" data-required=\"true\" aria-required=\"true\" autocomplete=\"email\" \/><\/div><\/div><\/div><div class=\"forminator-row\"><div id=\"name-3\" class=\"forminator-field-name forminator-col forminator-col-12 \"><div class=\"forminator-field\"><label for=\"forminator-field-name-3_69ecf79e4484a\" id=\"forminator-field-name-3_69ecf79e4484a-label\" class=\"forminator-label\">Subject<\/label><input type=\"text\" name=\"name-3\" value=\"\" placeholder=\"\" id=\"forminator-field-name-3_69ecf79e4484a\" class=\"forminator-input forminator-name--field\" aria-required=\"false\" autocomplete=\"name\" \/><\/div><\/div><\/div><div class=\"forminator-row\"><div id=\"textarea-1\" class=\"forminator-field-textarea forminator-col forminator-col-12 \"><div class=\"forminator-field\"><label for=\"forminator-field-textarea-1_69ecf79e4484a\" id=\"forminator-field-textarea-1_69ecf79e4484a-label\" class=\"forminator-label\">Your message<\/label><textarea name=\"textarea-1\" placeholder=\"Enter your message\u2026\" id=\"forminator-field-textarea-1_69ecf79e4484a\" class=\"forminator-textarea\" rows=\"6\" style=\"min-height:140px;\" maxlength=\"180\" ><\/textarea><span id=\"forminator-field-textarea-1_69ecf79e4484a-description\" class=\"forminator-description\"><span data-limit=\"180\" data-type=\"characters\" data-editor=\"\">0 \/ 180<\/span><\/span><\/div><\/div><\/div><div class=\"forminator-row\"><div id=\"consent-1\" class=\"forminator-field-consent forminator-col forminator-col-12 \"><div class=\"forminator-field\"><label for=\"forminator-field-consent-1_69ecf79e4484a\" id=\"forminator-field-consent-1_69ecf79e4484a-label\" class=\"forminator-label\">Consent <span class=\"forminator-required\">*<\/span><\/label><div class=\"forminator-checkbox__wrapper\"><label id=\"forminator-field-consent-1_69ecf79e4484a__label\" class=\"forminator-checkbox forminator-consent\" aria-labelledby=\"forminator-field-consent-1_69ecf79e4484a-label\"><input type=\"checkbox\" name=\"consent-1\" id=\"forminator-field-consent-1_69ecf79e4484a\" value=\"checked\" aria-labelledby=\"forminator-field-consent-1_69ecf79e4484a-label\" aria-describedby=\"forminator-field-consent-1_69ecf79e4484a__description\" data-required=\"true\" aria-required=\"true\" \/><span class=\"forminator-checkbox-box\" aria-hidden=\"true\"><\/span><\/label><div id=\"forminator-field-consent-1_69ecf79e4484a__description\" class=\"forminator-checkbox__label forminator-consent__label\"><p>I agree to be contacted again in accordance with the <a rel=\"noopener\" target=\"_blank\" href=\"https:\/\/www.gib-consult.com\/en\/politique-confidentialite\/\">privacy policy<\/a> and <a rel=\"noopener\" target=\"_blank\" href=\"https:\/\/www.gib-consult.com\/en\/conditions-generales\/\">terms and conditions<\/a>.<\/p><\/div><\/div><\/div><\/div><\/div><input type=\"hidden\" name=\"referer_url\" value=\"\" \/><div class=\"forminator-row forminator-row-last\"><div class=\"forminator-col\"><div class=\"forminator-field\"><button class=\"forminator-button forminator-button-submit\">Send your message<\/button><\/div><\/div><\/div><input type=\"hidden\" id=\"forminator_nonce\" name=\"forminator_nonce\" value=\"184e790937\" \/><input type=\"hidden\" name=\"_wp_http_referer\" value=\"\/en\/wp-json\/wp\/v2\/pages\/1520\" \/><input type=\"hidden\" name=\"form_id\" value=\"2014\"><input type=\"hidden\" name=\"page_id\" value=\"1520\"><input type=\"hidden\" name=\"form_type\" value=\"default\"><input type=\"hidden\" name=\"current_url\" value=\"https:\/\/www.gib-consult.com\/en\/contact\/\"><input type=\"hidden\" name=\"render_id\" value=\"0\"><input type=\"hidden\" name=\"action\" value=\"forminator_submit_form_custom-forms\"><\/form>[\/et_pb_code][\/et_pb_column][et_pb_column type=&#8221;2_5&#8243; _builder_version=&#8221;4.23&#8243; _module_preset=&#8221;default&#8221; global_colors_info=&#8221;{}&#8221;][et_pb_text _builder_version=&#8221;4.23&#8243; _module_preset=&#8221;default&#8221; text_font=&#8221;Helvetica Now||||||||&#8221; text_text_color=&#8221;#FFFFFF&#8221; text_font_size=&#8221;16px&#8221; text_line_height=&#8221;1.8em&#8221; link_text_color=&#8221;#FFFFFF&#8221; link_font_size=&#8221;16px&#8221; custom_margin=&#8221;15px||15px|||&#8221; global_colors_info=&#8221;{}&#8221;]<\/p>\n<p><b>GIB CONSULT<\/b><\/p>\n<p><span style=\"font-weight: 400;\">15 Rue de l\u2019\u00c9glise Saint-Andr\u00e9, <\/span><span style=\"font-weight: 400;\">1331 Rosi\u00e8res, <\/span><span style=\"font-weight: 400;\">Belgium<\/span><\/p>\n<p><span style=\"font-weight: 400;\"><a href=\"mailto:info@gib-consult.com\">info@gib-consult.com<\/a><a href=\"mailto:info@gib-consult.com\"><\/a><\/span><a href=\"mailto:info@gib-consult.com\"><span style=\"font-weight: 400;\"><\/span><\/a><\/p>\n<p><span style=\"font-weight: 400;\">+32 2 37 74 730<\/span><\/p>\n<p><strong>Certifications<\/strong><span style=\"font-weight: 400;\"> <\/span><\/p>\n<p><span style=\"font-weight: 400;\">ISO 9001:2015 <\/span><\/p>\n<p><span style=\"font-size: 16px;\">ISO 17100:2015 certifications<\/span><\/p>\n<p>[\/et_pb_text][et_pb_image src=&#8221;https:\/\/www.gib-consult.com\/wp-content\/uploads\/2023\/12\/image029-1.png&#8221; title_text=&#8221;image029-1&#8243; _builder_version=&#8221;4.23&#8243; _module_preset=&#8221;default&#8221; global_colors_info=&#8221;{}&#8221;][\/et_pb_image][\/et_pb_column][\/et_pb_row][\/et_pb_section][et_pb_section fb_built=&#8221;1&#8243; module_id=&#8221;traduction-assermentee&#8221; module_class=&#8221;custom-section-1&#8243; _builder_version=&#8221;4.23&#8243; _module_preset=&#8221;default&#8221; background_color=&#8221;#f2f2f2&#8243; global_colors_info=&#8221;{}&#8221;][et_pb_row _builder_version=&#8221;4.23&#8243; _module_preset=&#8221;default&#8221; global_colors_info=&#8221;{}&#8221;][et_pb_column type=&#8221;4_4&#8243; _builder_version=&#8221;4.23&#8243; _module_preset=&#8221;default&#8221; global_colors_info=&#8221;{}&#8221;][et_pb_text module_class=&#8221;custom-home-title&#8221; _builder_version=&#8221;4.23&#8243; _module_preset=&#8221;default&#8221; header_3_font=&#8221;PPAgrandir|600|||||||&#8221; header_3_text_align=&#8221;center&#8221; header_3_text_color=&#8221;#8338ec&#8221; header_3_font_size=&#8221;34px&#8221; header_3_line_height=&#8221;1.5em&#8221; max_width=&#8221;800px&#8221; module_alignment=&#8221;center&#8221; header_3_font_size_tablet=&#8221;30px&#8221; header_3_font_size_phone=&#8221;18px&#8221; header_3_font_size_last_edited=&#8221;on|phone&#8221; locked=&#8221;off&#8221; global_colors_info=&#8221;{}&#8221;]<\/p>\n<h3>Our address<\/h3>\n<p>[\/et_pb_text][\/et_pb_column][\/et_pb_row][et_pb_row _builder_version=&#8221;4.23&#8243; _module_preset=&#8221;default&#8221; global_colors_info=&#8221;{}&#8221;][et_pb_column type=&#8221;4_4&#8243; _builder_version=&#8221;4.23&#8243; _module_preset=&#8221;default&#8221; global_colors_info=&#8221;{}&#8221;][et_pb_code _builder_version=&#8221;4.23.1&#8243; _module_preset=&#8221;default&#8221; box_shadow_style=&#8221;preset1&#8243; box_shadow_vertical=&#8221;1px&#8221; box_shadow_blur=&#8221;5px&#8221; global_colors_info=&#8221;{}&#8221;]<iframe src=\"https:\/\/www.google.com\/maps\/embed?pb=!1m18!1m12!1m3!1d2964.6322562835057!2d4.550071044079272!3d50.735621158813935!2m3!1f0!2f0!3f0!3m2!1i1024!2i768!4f13.1!3m3!1m2!1s0x47c3d7a2992a8dad%3A0x6566de2d5731495c!2sRue%20de%20l'%C3%89glise%20Saint-Andr%C3%A9%2015%2C%201331%20Rixensart!5e0!3m2!1sen!2sbe!4v1702578456266!5m2!1sen!2sbe\" width=\"100%\" height=\"450\" style=\"border:0;\" allowfullscreen=\"\" loading=\"lazy\" referrerpolicy=\"no-referrer-when-downgrade\"><\/iframe>[\/et_pb_code][\/et_pb_column][\/et_pb_row][\/et_pb_section]<\/p>\n","protected":false},"excerpt":{"rendered":"<p>Contact us<div class=\"forminator-ui forminator-custom-form forminator-custom-form-2014 forminator-design--default  forminator_ajax\" data-forminator-render=\"1\" data-form=\"forminator-module-2014\" data-uid=\"69ecf79e553d7\"><br\/><\/div><form\n\t\t\t\tid=\"forminator-module-2014\"\n\t\t\t\tclass=\"forminator-ui forminator-custom-form forminator-custom-form-2014 forminator-design--default  forminator_ajax\"\n\t\t\t\tmethod=\"post\"\n\t\t\t\tdata-forminator-render=\"1\"\n\t\t\t\tdata-form-id=\"2014\"\n\t\t\t\t data-color-option=\"default\" data-design=\"default\" data-grid=\"open\" style=\"display: none;\"\n\t\t\t\tdata-uid=\"69ecf79e553d7\"\n\t\t\t><div role=\"alert\" aria-live=\"polite\" class=\"forminator-response-message forminator-error\" aria-hidden=\"true\"><\/div><div class=\"forminator-row\"><div id=\"name-1\" class=\"forminator-field-name forminator-col forminator-col-12 \"><div class=\"forminator-field\"><label for=\"forminator-field-name-1_69ecf79e553d7\" id=\"forminator-field-name-1_69ecf79e553d7-label\" class=\"forminator-label\">Your name <span class=\"forminator-required\">*<\/span><\/label><input type=\"text\" name=\"name-1\" value=\"\" placeholder=\"\" id=\"forminator-field-name-1_69ecf79e553d7\" class=\"forminator-input forminator-name--field\" aria-required=\"true\" autocomplete=\"name\" \/><\/div><\/div><\/div><div class=\"forminator-row\"><div id=\"name-2\" class=\"forminator-field-name forminator-col forminator-col-12 \"><div class=\"forminator-field\"><label for=\"forminator-field-name-2_69ecf79e553d7\" id=\"forminator-field-name-2_69ecf79e553d7-label\" class=\"forminator-label\">Your company<\/label><input type=\"text\" name=\"name-2\" value=\"\" placeholder=\"\" id=\"forminator-field-name-2_69ecf79e553d7\" class=\"forminator-input forminator-name--field\" aria-required=\"false\" autocomplete=\"name\" \/><\/div><\/div><\/div><div class=\"forminator-row\"><div id=\"email-1\" class=\"forminator-field-email forminator-col forminator-col-12 \"><div class=\"forminator-field\"><label for=\"forminator-field-email-1_69ecf79e553d7\" id=\"forminator-field-email-1_69ecf79e553d7-label\" class=\"forminator-label\">Your email <span class=\"forminator-required\">*<\/span><\/label><input type=\"email\" name=\"email-1\" value=\"\" placeholder=\"\" id=\"forminator-field-email-1_69ecf79e553d7\" class=\"forminator-input forminator-email--field\" data-required=\"true\" aria-required=\"true\" autocomplete=\"email\" \/><\/div><\/div><\/div><div class=\"forminator-row\"><div id=\"name-3\" class=\"forminator-field-name forminator-col forminator-col-12 \"><div class=\"forminator-field\"><label for=\"forminator-field-name-3_69ecf79e553d7\" id=\"forminator-field-name-3_69ecf79e553d7-label\" class=\"forminator-label\">Subject<\/label><input type=\"text\" name=\"name-3\" value=\"\" placeholder=\"\" id=\"forminator-field-name-3_69ecf79e553d7\" class=\"forminator-input forminator-name--field\" aria-required=\"false\" autocomplete=\"name\" \/><\/div><\/div><\/div><div class=\"forminator-row\"><div id=\"textarea-1\" class=\"forminator-field-textarea forminator-col forminator-col-12 \"><div class=\"forminator-field\"><label for=\"forminator-field-textarea-1_69ecf79e553d7\" id=\"forminator-field-textarea-1_69ecf79e553d7-label\" class=\"forminator-label\">Your message<\/label><textarea name=\"textarea-1\" placeholder=\"Enter your message\u2026\" id=\"forminator-field-textarea-1_69ecf79e553d7\" class=\"forminator-textarea\" rows=\"6\" style=\"min-height:140px;\" maxlength=\"180\" ><\/textarea><span id=\"forminator-field-textarea-1_69ecf79e553d7-description\" class=\"forminator-description\"><span data-limit=\"180\" data-type=\"characters\" data-editor=\"\">0 \/ 180<\/span><\/span><\/div><\/div><\/div><div class=\"forminator-row\"><div id=\"consent-1\" class=\"forminator-field-consent forminator-col forminator-col-12 \"><div class=\"forminator-field\"><label for=\"forminator-field-consent-1_69ecf79e553d7\" id=\"forminator-field-consent-1_69ecf79e553d7-label\" class=\"forminator-label\">Consent <span class=\"forminator-required\">*<\/span><\/label><div class=\"forminator-checkbox__wrapper\"><label id=\"forminator-field-consent-1_69ecf79e553d7__label\" class=\"forminator-checkbox forminator-consent\" aria-labelledby=\"forminator-field-consent-1_69ecf79e553d7-label\"><input type=\"checkbox\" name=\"consent-1\" id=\"forminator-field-consent-1_69ecf79e553d7\" value=\"checked\" aria-labelledby=\"forminator-field-consent-1_69ecf79e553d7-label\" aria-describedby=\"forminator-field-consent-1_69ecf79e553d7__description\" data-required=\"true\" aria-required=\"true\" \/><span class=\"forminator-checkbox-box\" aria-hidden=\"true\"><\/span><\/label><div id=\"forminator-field-consent-1_69ecf79e553d7__description\" class=\"forminator-checkbox__label forminator-consent__label\"><p>I agree to be contacted again in accordance with the <a rel=\"noopener\" target=\"_blank\" href=\"https:\/\/www.gib-consult.com\/en\/politique-confidentialite\/\">privacy policy<\/a> and <a rel=\"noopener\" target=\"_blank\" href=\"https:\/\/www.gib-consult.com\/en\/conditions-generales\/\">terms and conditions<\/a>.<\/p><\/div><\/div><\/div><\/div><\/div><input type=\"hidden\" name=\"referer_url\" value=\"\" \/><div class=\"forminator-row forminator-row-last\"><div class=\"forminator-col\"><div class=\"forminator-field\"><button class=\"forminator-button forminator-button-submit\">Send your message<\/button><\/div><\/div><\/div><input type=\"hidden\" id=\"forminator_nonce\" name=\"forminator_nonce\" value=\"184e790937\" \/><input type=\"hidden\" name=\"_wp_http_referer\" value=\"\/en\/wp-json\/wp\/v2\/pages\/1520\" \/><input type=\"hidden\" name=\"form_id\" value=\"2014\"><input type=\"hidden\" name=\"page_id\" value=\"1520\"><input type=\"hidden\" name=\"form_type\" value=\"default\"><input type=\"hidden\" name=\"current_url\" value=\"https:\/\/www.gib-consult.com\/en\/contact\/\"><input type=\"hidden\" name=\"render_id\" value=\"1\"><input type=\"hidden\" name=\"action\" value=\"forminator_submit_form_custom-forms\"><\/form>GIB CONSULT 15 Rue de l\u2019\u00c9glise Saint-Andr\u00e9, 1331 Rosi\u00e8res, Belgium info@gib-consult.com +32 2 37 74 730 Certifications ISO 9001:2015 ISO 17100:2015 certificationsOur address<\/p>\n","protected":false},"author":2,"featured_media":0,"parent":0,"menu_order":0,"comment_status":"closed","ping_status":"closed","template":"","meta":{"_et_pb_use_builder":"on","_et_pb_old_content":"","_et_gb_content_width":"","_monsterinsights_skip_tracking":false,"_monsterinsights_sitenote_active":false,"_monsterinsights_sitenote_note":"","_monsterinsights_sitenote_category":0,"footnotes":""},"class_list":["post-1520","page","type-page","status-publish","hentry"],"aioseo_notices":[],"_links":{"self":[{"href":"https:\/\/www.gib-consult.com\/en\/wp-json\/wp\/v2\/pages\/1520","targetHints":{"allow":["GET"]}}],"collection":[{"href":"https:\/\/www.gib-consult.com\/en\/wp-json\/wp\/v2\/pages"}],"about":[{"href":"https:\/\/www.gib-consult.com\/en\/wp-json\/wp\/v2\/types\/page"}],"author":[{"embeddable":true,"href":"https:\/\/www.gib-consult.com\/en\/wp-json\/wp\/v2\/users\/2"}],"replies":[{"embeddable":true,"href":"https:\/\/www.gib-consult.com\/en\/wp-json\/wp\/v2\/comments?post=1520"}],"version-history":[{"count":32,"href":"https:\/\/www.gib-consult.com\/en\/wp-json\/wp\/v2\/pages\/1520\/revisions"}],"predecessor-version":[{"id":2462,"href":"https:\/\/www.gib-consult.com\/en\/wp-json\/wp\/v2\/pages\/1520\/revisions\/2462"}],"wp:attachment":[{"href":"https:\/\/www.gib-consult.com\/en\/wp-json\/wp\/v2\/media?parent=1520"}],"curies":[{"name":"wp","href":"https:\/\/api.w.org\/{rel}","templated":true}]}}