{"id":1525,"date":"2023-10-21T05:35:37","date_gmt":"2023-10-21T03:35:37","guid":{"rendered":"https:\/\/gibtest.st-businessconsulting.com\/politique-confidentialite\/"},"modified":"2024-05-23T23:02:49","modified_gmt":"2024-05-23T21:02:49","slug":"politique-confidentialite","status":"publish","type":"page","link":"https:\/\/www.gib-consult.com\/nl\/politique-confidentialite\/","title":{"rendered":"Politique de confidentialit\u00e9"},"content":{"rendered":"<p>[et_pb_section fb_built=&#8221;1&#8243; _builder_version=&#8221;4.23.1&#8243; _module_preset=&#8221;default&#8221; background_enable_color=&#8221;off&#8221; background_enable_image=&#8221;off&#8221; background_blend=&#8221;multiply&#8221; custom_padding=&#8221;||25px||false|false&#8221; custom_css_main_element=&#8221;background: rgb(154,78,236);||background: linear-gradient(90deg, rgba(154,78,236,1) 0%, rgba(108,61,241,1) 60%, rgba(60,126,254,1) 100%);&#8221; global_colors_info=&#8221;{}&#8221;][et_pb_row _builder_version=&#8221;4.23&#8243; _module_preset=&#8221;default&#8221; global_colors_info=&#8221;{}&#8221;][et_pb_column type=&#8221;4_4&#8243; _builder_version=&#8221;4.23&#8243; _module_preset=&#8221;default&#8221; global_colors_info=&#8221;{}&#8221;][et_pb_text module_class=&#8221;custom-home-title&#8221; _builder_version=&#8221;4.24.2&#8243; _module_preset=&#8221;default&#8221; header_3_font=&#8221;PPAgrandir|600|||||||&#8221; header_3_text_align=&#8221;left&#8221; header_3_text_color=&#8221;#FFFFFF&#8221; header_3_font_size=&#8221;34px&#8221; header_3_line_height=&#8221;1.5em&#8221; module_alignment=&#8221;center&#8221; custom_padding=&#8221;||||false|false&#8221; header_3_font_size_tablet=&#8221;30px&#8221; header_3_font_size_phone=&#8221;18px&#8221; header_3_font_size_last_edited=&#8221;on|phone&#8221; global_colors_info=&#8221;{}&#8221;]<\/p>\n<h3><strong>Privacybeleid<\/strong><\/h3>\n<p>[\/et_pb_text][\/et_pb_column][\/et_pb_row][\/et_pb_section][et_pb_section fb_built=&#8221;1&#8243; module_id=&#8221;traduction-specialisee&#8221; module_class=&#8221;custom-section-1&#8243; _builder_version=&#8221;4.23&#8243; _module_preset=&#8221;default&#8221; global_colors_info=&#8221;{}&#8221;][et_pb_row _builder_version=&#8221;4.23&#8243; _module_preset=&#8221;default&#8221; global_colors_info=&#8221;{}&#8221;][et_pb_column type=&#8221;4_4&#8243; _builder_version=&#8221;4.23&#8243; _module_preset=&#8221;default&#8221; global_colors_info=&#8221;{}&#8221;][et_pb_text _builder_version=&#8221;4.24.2&#8243; _module_preset=&#8221;default&#8221; text_font=&#8221;Helvetica Now||||||||&#8221; text_font_size=&#8221;16px&#8221; text_line_height=&#8221;1.8em&#8221; header_font=&#8221;Helvetica Now|700|||||||&#8221; header_2_font=&#8221;Helvetica Now|800|||||||&#8221; global_colors_info=&#8221;{}&#8221;]<\/p>\n<p>Laatste update : <strong>26.03.2024<\/strong><\/p>\n<p>Bedankt voor uw bezoek aan de website van GIB Consult. Uw privacy is belangrijk voor ons. <br \/>In dit privacybeleid wordt uitgelegd hoe wij uw gegevens verzamelen, gebruiken en beschermen wanneer u onze website bezoekt.<\/p>\n<h2><strong>Verzamelen en gebruiken van informatie<\/strong><\/h2>\n<p>We verzamelen verschillende soorten informatie wanneer u onze website bezoekt, zoals uw IP-adres, het type browser dat u gebruikt, uw interacties op de site en de pagina&#8217;s die u bezoekt. <br \/>Deze gegevens worden gebruikt om de gewoonten van bezoekers te begrijpen, om de kwaliteit van onze inhoud en diensten te verbeteren en om aan de behoeften van onze klanten te voldoen.<\/p>\n<h2><strong>Toestemming om elektronische communicatie te ontvangen<\/strong><\/h2>\n<p>Door u aan te melden voor onze nieuwsbrief gaat u akkoord met het ontvangen van elektronische communicatie van GIB Consult. Deze communicaties kunnen promotionele informatie, updates over onze producten en diensten, speciale aanbiedingen, uitnodigingen voor evenementen en andere relevante inhoud bevatten. Wij verbinden ons ertoe uw gegevens niet aan derden door te geven voor direct-marketingdoeleinden zonder uw voorafgaande toestemming. U hebt het recht om uw toestemming op elk gewenst moment in te trekken door rechtstreeks contact met ons op te nemen. Door u aan te melden voor onze nieuwsbrief erkent u dat u de voorwaarden van dit privacybeleid met betrekking tot de ontvangst van elektronische communicatie hebt gelezen, begrepen en geaccepteerd.<\/p>\n<h2><strong>Bewaartermijn gegevens <\/strong><\/h2>\n<p>Uw persoonsgegevens worden bewaard zolang als nodig is om de doelen te bereiken waarvoor ze zijn verzameld. De gegevens worden uit ons systeem verwijderd zodra ze niet langer nodig zijn voor de doeleinden waarvoor ze oorspronkelijk zijn verzameld of als u uw recht op verwijdering uitoefent in overeenstemming met de huidige wetgeving.<\/p>\n<h2><strong>Cookies<\/strong><\/h2>\n<p>We gebruiken cookies op onze website. Cookies zijn kleine tekstbestanden die op uw apparaat worden opgeslagen en die ons helpen uw ervaring op onze site te verbeteren door uw voorkeuren te onthouden en uw gebruik van de site bij te houden.<\/p>\n<p>U kunt uw browser zo instellen dat alle cookies worden geweigerd of dat u wordt gewaarschuwd wanneer er cookies worden verzonden. Als u ervoor kiest om cookies uit te schakelen, is het mogelijk dat sommige delen van onze website niet goed functioneren.<\/p>\n<h2><strong>Beveiliging<\/strong><\/h2>\n<p>We implementeren veiligheidsmaatregelen om uw persoonsgegevens te beschermen tegen verlies, misbruik en ongeautoriseerde toegang.<\/p>\n<h2><strong>Intellectueel eigendom<\/strong><\/h2>\n<p>Alle inhoud op deze website, met inbegrip van onder meer tekst, afbeeldingen, logo&#8217;s, beelden, video&#8217;s, illustraties en ander materiaal, is het exclusieve eigendom van GIB Consult en wordt beschermd door nationale en internationale wetten op auteursrechten, handelsmerken en andere intellectuele eigendomsrechten. U stemt ermee in om alle auteursrecht-, handelsmerk- en andere eigendomsvermeldingen in dergelijke inhoud te respecteren. Tenzij met de uitdrukkelijke schriftelijke toestemming van GIB Consult is het niet toegestaan de inhoud van deze website te kopi\u00ebren, te reproduceren, te distribueren, te wijzigen, weer te geven, daarvan afgeleide werken te maken, over te dragen of op enigerlei wijze te exploiteren. Elk ongeoorloofd gebruik vormt een inbreuk op de intellectuele eigendomsrechten van GIB Consult en kan leiden tot gerechtelijke stappen.<\/p>\n<h2><strong>Wijzigingen in het privacybeleid<\/strong><\/h2>\n<p>We behouden ons het recht voor om ons Privacybeleid te allen tijde te wijzigen. Wijzigingen worden op deze pagina gepubliceerd met de bijgewerkte herzieningsdatum.<\/p>\n<h2><strong>Uw rechten<\/strong><\/h2>\n<p>U hebt het recht om toegang te krijgen tot de persoonsgegevens die wij over u bewaren en om te verzoeken dat deze gegevens worden gecorrigeerd, bijgewerkt of verwijderd. Als u deze rechten wilt uitoefenen, neem dan contact met ons op via het volgende adres <a href=\"mailto:info@gib-consult.com\"><strong>info@gib-consult.com<\/strong><\/a>.<\/p>\n<h2><strong>Neem contact met ons op<\/strong><\/h2>\n<p>Neem voor vragen of opmerkingen over ons privacybeleid contact met ons op via het volgende adres<\/p>\n<h2><strong>GIB Consult SRL <\/strong><\/h2>\n<p>Rue de l&#8217;\u00c9glise Saint-Andr\u00e9 15<br \/>1331 Rosi\u00e8res<br \/>+32 2 377-4730<br \/><a href=\"mailto:info@gib-consult.com\"><strong>info@gib-consult.com<\/strong><\/a><br \/>BTW-nr: BE 0872.030.097<br \/>BCE Bedrijfsnummer: 0872.030.097<\/p>\n<p>[\/et_pb_text][\/et_pb_column][\/et_pb_row][\/et_pb_section]<\/p>\n","protected":false},"excerpt":{"rendered":"<p>PrivacybeleidLaatste update : 26.03.2024 Bedankt voor uw bezoek aan de website van GIB Consult. Uw privacy is belangrijk voor ons. In dit privacybeleid wordt uitgelegd hoe wij uw gegevens verzamelen, gebruiken en beschermen wanneer u onze website bezoekt. Verzamelen en gebruiken van informatie We verzamelen verschillende soorten informatie wanneer u onze website bezoekt, zoals uw [&hellip;]<\/p>\n","protected":false},"author":2,"featured_media":0,"parent":0,"menu_order":0,"comment_status":"closed","ping_status":"closed","template":"","meta":{"_et_pb_use_builder":"on","_et_pb_old_content":"<!-- wp:heading --><h2>Qui sommes-nous\u00a0?<\/h2><!-- \/wp:heading --><!-- wp:paragraph --><p><strong class=\"privacy-policy-tutorial\">Texte sugg\u00e9r\u00e9\u00a0: <\/strong>L\u2019adresse de notre site est\u00a0: https:\/\/www.gib-consult.com.<\/p><!-- \/wp:paragraph --><!-- wp:heading --><h2>Commentaires<\/h2><!-- \/wp:heading --><!-- wp:paragraph --><p><strong class=\"privacy-policy-tutorial\">Texte sugg\u00e9r\u00e9\u00a0: <\/strong>Quand vous laissez un commentaire sur notre site, les donn\u00e9es inscrites dans le formulaire de commentaire, ainsi que votre adresse IP et l\u2019agent utilisateur de votre navigateur sont collect\u00e9s pour nous aider \u00e0 la d\u00e9tection des commentaires ind\u00e9sirables.<\/p><!-- \/wp:paragraph --><!-- wp:paragraph --><p>Une cha\u00eene anonymis\u00e9e cr\u00e9\u00e9e \u00e0 partir de votre adresse e-mail (\u00e9galement appel\u00e9e hash) peut \u00eatre envoy\u00e9e au service Gravatar pour v\u00e9rifier si vous utilisez ce dernier. Les clauses de confidentialit\u00e9 du service Gravatar sont disponibles ici\u00a0: https:\/\/automattic.com\/privacy\/. Apr\u00e8s validation de votre commentaire, votre photo de profil sera visible publiquement \u00e0 cot\u00e9 de votre commentaire.<\/p><!-- \/wp:paragraph --><!-- wp:heading --><h2>M\u00e9dias<\/h2><!-- \/wp:heading --><!-- wp:paragraph --><p><strong class=\"privacy-policy-tutorial\">Texte sugg\u00e9r\u00e9\u00a0: <\/strong>Si vous t\u00e9l\u00e9versez des images sur le site, nous vous conseillons d\u2019\u00e9viter de t\u00e9l\u00e9verser des images contenant des donn\u00e9es EXIF de coordonn\u00e9es GPS. Les personnes visitant votre site peuvent t\u00e9l\u00e9charger et extraire des donn\u00e9es de localisation depuis ces images.<\/p><!-- \/wp:paragraph --><!-- wp:heading --><h2>Cookies<\/h2><!-- \/wp:heading --><!-- wp:paragraph --><p><strong class=\"privacy-policy-tutorial\">Texte sugg\u00e9r\u00e9\u00a0: <\/strong>Si vous d\u00e9posez un commentaire sur notre site, il vous sera propos\u00e9 d\u2019enregistrer votre nom, adresse e-mail et site dans des cookies. C\u2019est uniquement pour votre confort afin de ne pas avoir \u00e0 saisir ces informations si vous d\u00e9posez un autre commentaire plus tard. Ces cookies expirent au bout d\u2019un an.<\/p><!-- \/wp:paragraph --><!-- wp:paragraph --><p>Si vous vous rendez sur la page de connexion, un cookie temporaire sera cr\u00e9\u00e9 afin de d\u00e9terminer si votre navigateur accepte les cookies. Il ne contient pas de donn\u00e9es personnelles et sera supprim\u00e9 automatiquement \u00e0 la fermeture de votre navigateur.<\/p><!-- \/wp:paragraph --><!-- wp:paragraph --><p>Lorsque vous vous connecterez, nous mettrons en place un certain nombre de cookies pour enregistrer vos informations de connexion et vos pr\u00e9f\u00e9rences d\u2019\u00e9cran. La dur\u00e9e de vie d\u2019un cookie de connexion est de deux jours, celle d\u2019un cookie d\u2019option d\u2019\u00e9cran est d\u2019un an. Si vous cochez \u00ab\u00a0Se souvenir de moi\u00a0\u00bb, votre cookie de connexion sera conserv\u00e9 pendant deux semaines. Si vous vous d\u00e9connectez de votre compte, le cookie de connexion sera effac\u00e9.<\/p><!-- \/wp:paragraph --><!-- wp:paragraph --><p>En modifiant ou en publiant une publication, un cookie suppl\u00e9mentaire sera enregistr\u00e9 dans votre navigateur. Ce cookie ne comprend aucune donn\u00e9e personnelle. Il indique simplement l\u2019ID de la publication que vous venez de modifier. Il expire au bout d\u2019un jour.<\/p><!-- \/wp:paragraph --><!-- wp:heading --><h2>Contenu embarqu\u00e9 depuis d\u2019autres sites<\/h2><!-- \/wp:heading --><!-- wp:paragraph --><p><strong class=\"privacy-policy-tutorial\">Texte sugg\u00e9r\u00e9\u00a0: <\/strong>Les articles de ce site peuvent inclure des contenus int\u00e9gr\u00e9s (par exemple des vid\u00e9os, images, articles\u2026). Le contenu int\u00e9gr\u00e9 depuis d\u2019autres sites se comporte de la m\u00eame mani\u00e8re que si le visiteur se rendait sur cet autre site.<\/p><!-- \/wp:paragraph --><!-- wp:paragraph --><p>Ces sites web pourraient collecter des donn\u00e9es sur vous, utiliser des cookies, embarquer des outils de suivis tiers, suivre vos interactions avec ces contenus embarqu\u00e9s si vous disposez d\u2019un compte connect\u00e9 sur leur site web.<\/p><!-- \/wp:paragraph --><!-- wp:heading --><h2>Utilisation et transmission de vos donn\u00e9es personnelles<\/h2><!-- \/wp:heading --><!-- wp:paragraph --><p><strong class=\"privacy-policy-tutorial\">Texte sugg\u00e9r\u00e9\u00a0: <\/strong>Si vous demandez une r\u00e9initialisation de votre mot de passe, votre adresse IP sera incluse dans l\u2019e-mail de r\u00e9initialisation.<\/p><!-- \/wp:paragraph --><!-- wp:heading --><h2>Dur\u00e9es de stockage de vos donn\u00e9es<\/h2><!-- \/wp:heading --><!-- wp:paragraph --><p><strong class=\"privacy-policy-tutorial\">Texte sugg\u00e9r\u00e9\u00a0: <\/strong>Si vous laissez un commentaire, le commentaire et ses m\u00e9tadonn\u00e9es sont conserv\u00e9s ind\u00e9finiment. Cela permet de reconna\u00eetre et approuver automatiquement les commentaires suivants au lieu de les laisser dans la file de mod\u00e9ration.<\/p><!-- \/wp:paragraph --><!-- wp:paragraph --><p>Pour les comptes qui s\u2019inscrivent sur notre site (le cas \u00e9ch\u00e9ant), nous stockons \u00e9galement les donn\u00e9es personnelles indiqu\u00e9es dans leur profil. Tous les comptes peuvent voir, modifier ou supprimer leurs informations personnelles \u00e0 tout moment (\u00e0 l\u2019exception de leur identifiant). Les gestionnaires du site peuvent aussi voir et modifier ces informations.<\/p><!-- \/wp:paragraph --><!-- wp:heading --><h2>Les droits que vous avez sur vos donn\u00e9es<\/h2><!-- \/wp:heading --><!-- wp:paragraph --><p><strong class=\"privacy-policy-tutorial\">Texte sugg\u00e9r\u00e9\u00a0: <\/strong>Si vous avez un compte ou si vous avez laiss\u00e9 des commentaires sur le site, vous pouvez demander \u00e0 recevoir un fichier contenant toutes les donn\u00e9es personnelles que nous poss\u00e9dons \u00e0 votre sujet, incluant celles que vous nous avez fournies. Vous pouvez \u00e9galement demander la suppression des donn\u00e9es personnelles vous concernant. Cela ne prend pas en compte les donn\u00e9es stock\u00e9es \u00e0 des fins administratives, l\u00e9gales ou pour des raisons de s\u00e9curit\u00e9.<\/p><!-- \/wp:paragraph --><!-- wp:heading --><h2>O\u00f9 vos donn\u00e9es sont envoy\u00e9es<\/h2><!-- \/wp:heading --><!-- wp:paragraph --><p><strong class=\"privacy-policy-tutorial\">Texte sugg\u00e9r\u00e9\u00a0: <\/strong>Les commentaires des visiteurs peuvent \u00eatre v\u00e9rifi\u00e9s \u00e0 l\u2019aide d\u2019un service automatis\u00e9 de d\u00e9tection des commentaires ind\u00e9sirables.<\/p><!-- \/wp:paragraph -->","_et_gb_content_width":"","_monsterinsights_skip_tracking":false,"_monsterinsights_sitenote_active":false,"_monsterinsights_sitenote_note":"","_monsterinsights_sitenote_category":0,"footnotes":""},"class_list":["post-1525","page","type-page","status-publish","hentry"],"aioseo_notices":[],"_links":{"self":[{"href":"https:\/\/www.gib-consult.com\/nl\/wp-json\/wp\/v2\/pages\/1525","targetHints":{"allow":["GET"]}}],"collection":[{"href":"https:\/\/www.gib-consult.com\/nl\/wp-json\/wp\/v2\/pages"}],"about":[{"href":"https:\/\/www.gib-consult.com\/nl\/wp-json\/wp\/v2\/types\/page"}],"author":[{"embeddable":true,"href":"https:\/\/www.gib-consult.com\/nl\/wp-json\/wp\/v2\/users\/2"}],"replies":[{"embeddable":true,"href":"https:\/\/www.gib-consult.com\/nl\/wp-json\/wp\/v2\/comments?post=1525"}],"version-history":[{"count":3,"href":"https:\/\/www.gib-consult.com\/nl\/wp-json\/wp\/v2\/pages\/1525\/revisions"}],"predecessor-version":[{"id":2452,"href":"https:\/\/www.gib-consult.com\/nl\/wp-json\/wp\/v2\/pages\/1525\/revisions\/2452"}],"wp:attachment":[{"href":"https:\/\/www.gib-consult.com\/nl\/wp-json\/wp\/v2\/media?parent=1525"}],"curies":[{"name":"wp","href":"https:\/\/api.w.org\/{rel}","templated":true}]}}